{"id":23,"date":"2026-03-13T13:03:19","date_gmt":"2026-03-13T12:03:19","guid":{"rendered":"https:\/\/esmcameroun.com\/?page_id=23"},"modified":"2026-03-13T15:53:39","modified_gmt":"2026-03-13T14:53:39","slug":"service","status":"publish","type":"page","link":"https:\/\/esmcameroun.com\/fr\/service\/","title":{"rendered":"Nos Services"},"content":{"rendered":"<div data-elementor-type=\"wp-page\" data-elementor-id=\"23\" class=\"elementor elementor-23\">\n\t\t\t\t<div class=\"elementor-element elementor-element-144104e e-con-full e-flex e-con e-parent\" data-id=\"144104e\" data-element_type=\"container\" data-e-type=\"container\">\n\t\t\t\t<div class=\"elementor-element elementor-element-9a3bd7e elementor-widget elementor-widget-hero-widget\" data-id=\"9a3bd7e\" data-element_type=\"widget\" data-e-type=\"widget\" data-widget_type=\"hero-widget.default\">\n\t\t\t\t<div class=\"elementor-widget-container\">\n\t\t\t\t\t\r\n\r\n <!-- Page Title -->\r\n    <div class=\"page-title dark-background\">\r\n      <div class=\"container position-relative\">\r\n\r\n        <h1>Services<\/h1>\r\n        <nav class=\"breadcrumbs\">\r\n          <ol>\r\n            <li>                                       <a href=\"https:\/\/esmcameroun.com\/fr\/home\/\">\r\n                                    home \r\n                                <\/a>\r\n                                                    <\/li>\r\n\r\n            <li class=\"current\">Services<\/li>\r\n          <\/ol>\r\n        <\/nav>\r\n      <\/div>\r\n    <\/div><!-- End Page Title -->\r\n\r\n\r\n\r\n\r\n\r\n\r\n\r\n\r\n\r\n\r\n\r\n\r\n\r\n\r\n\r\n\r\n\r\n\r\n\r\n\r\n          \t\t\t\t<\/div>\n\t\t\t\t<\/div>\n\t\t\t\t<\/div>\n\t\t<div class=\"elementor-element elementor-element-7839f4b e-con-full e-flex e-con e-parent\" data-id=\"7839f4b\" data-element_type=\"container\" data-e-type=\"container\">\n\t\t\t\t<div class=\"elementor-element elementor-element-3ba96b0 elementor-widget elementor-widget-service-widget\" data-id=\"3ba96b0\" data-element_type=\"widget\" data-e-type=\"widget\" data-widget_type=\"service-widget.default\">\n\t\t\t\t<div class=\"elementor-widget-container\">\n\t\t\t\t\t\r\n\r\n\r\n\r\n\r\n    <!-- Services Section -->\r\n    <section id=\"services\" class=\"services section light-background\">\r\n\r\n      <!-- Section Title -->\r\n      <div class=\"container section-title\" data-aos=\"fade-up\">\r\n        <h2>Services<\/h2>\r\n        <p>ESM Cameroun est l'une des principales entreprises dans le domaine des expertises maritimes.<\/p>\r\n      <\/div><!-- End Section Title -->\r\n\r\n      <div class=\"container\">\r\n\r\n        <div class=\"row gy-4\">\r\n\r\n          <div class=\"col-lg-4 col-md-6\" data-aos=\"fade-up\" data-aos-delay=\"100\">\r\n            <div class=\"service-item  position-relative\">\r\n              <div class=\"icon\">\r\n                <i class=\"fa-solid fa-mountain-city\"><\/i>\r\n              <\/div>\r\n              <h3>Inspection des Soutes<\/h3>\r\n              <p>Nous effectuons des relev\u00e9s quantitatifs de soutes (BQS) afin de v\u00e9rifier les quantit\u00e9s de carburant et de diesel livr\u00e9es et de signaler tout \u00e9ventuel manque.<\/p>\r\n\r\n                                                   <a href=\"#\"class=\"readmore stretched-link\">\r\n                                    En savoir plus <i class=\"fbi bi-arrow-right\"><\/i>\r\n                                <\/a>\r\n                                        \r\n            <\/div>\r\n          <\/div><!-- End Service Item -->\r\n\r\n          <div class=\"col-lg-4 col-md-6\" data-aos=\"fade-up\" data-aos-delay=\"200\">\r\n            <div class=\"service-item position-relative\">\r\n              <div class=\"icon\">\r\n                <i class=\"fa-solid fa-arrow-up-from-ground-water\"><\/i>\r\n              <\/div>\r\n              <h3>Enqu\u00eate  sur l'\u00e9tat<\/h3>\r\n              <p>Nous effectuons des inspections techniques \u00e0 bord de p\u00e9troliers, de navires de marchandises diverses, de porte-conteneurs, de navires \u00e0 passagers, de ferries, de navires \u00e0 bestiaux et autres, selon vos besoins sp\u00e9cifiques \u00e0 chaque occasion.<\/p>\r\n\r\n                                                 <a href=\"#\"class=\"readmore stretched-link\">\r\n                                    En savoir plus <i class=\"fbi bi-arrow-right\"><\/i>\r\n                                <\/a>\r\n                                          \r\n            <\/div>\r\n          <\/div><!-- End Service Item -->\r\n\r\n          <div class=\"col-lg-4 col-md-6\" data-aos=\"fade-up\" data-aos-delay=\"300\">\r\n            <div class=\"service-item position-relative\">\r\n              <div class=\"icon\">\r\n                <i class=\"fa-solid fa-compass-drafting\"><\/i>\r\n              <\/div>\r\n              <h3>Flags Inspection<\/h3>\r\n              <p>Nous effectuons des inspections de s\u00e9curit\u00e9, des audits des codes ISM, ISPS et MLC 2006 et des enqu\u00eates sur les accidents en application des conventions internationales SOLAS, MARPOL, STCW et MLC.<\/p>\r\n\r\n                                                 <a href=\"#\"class=\"readmore stretched-link\">\r\n                                    En savoir plus <i class=\"fbi bi-arrow-right\"><\/i>\r\n                                <\/a>\r\n                                          \r\n            <\/div>\r\n          <\/div><!-- End Service Item -->\r\n\r\n          <div class=\"col-lg-4 col-md-6\" data-aos=\"fade-up\" data-aos-delay=\"400\">\r\n            <div class=\"service-item position-relative\">\r\n              <div class=\"icon\">\r\n                <i class=\"fa-solid fa-trowel-bricks\"><\/i>\r\n              <\/div>\r\n              <h3>Evaluation des dommages<\/h3>\r\n              <p>Nous effectuons des expertises des dommages caus\u00e9s aux navires, qui consistent \u00e0 d\u00e9terminer l'origine, \u00e0 enqu\u00eater sur les causes et \u00e0 \u00e9valuer l'\u00e9tendue des dommages caus\u00e9s \u00e0 la coque et aux machines du navire.<\/p>\r\n\r\n                                                 <a href=\"#\"class=\"readmore stretched-link\">\r\n                                    En savoir plus <i class=\"fbi bi-arrow-right\"><\/i>\r\n                                <\/a>\r\n                                      \r\n            <\/div>\r\n          <\/div><!-- End Service Item -->\r\n\r\n          <div class=\"col-lg-4 col-md-6\" data-aos=\"fade-up\" data-aos-delay=\"500\">\r\n            <div class=\"service-item position-relative\">\r\n              <div class=\"icon\">\r\n                <i class=\"fa-solid fa-helmet-safety\"><\/i>\r\n              <\/div>\r\n              <h3>Inspection des Cargaisons<\/h3>\r\n              <p>Nous effectuons des expertises des dommages caus\u00e9s aux navires, qui consistent \u00e0 d\u00e9terminer l'origine, \u00e0 enqu\u00eater sur les causes et \u00e0 \u00e9valuer l'\u00e9tendue des dommages caus\u00e9s \u00e0 la coque et aux machines du navire.<\/p>\r\n\r\n                                                 <a href=\"#\"class=\"readmore stretched-link\">\r\n                                    En savoir plus <i class=\"fbi bi-arrow-right\"><\/i>\r\n                                <\/a>\r\n                                          \r\n            <\/div>\r\n          <\/div><!-- End Service Item -->\r\n\r\n          <div class=\"col-lg-4 col-md-6\" data-aos=\"fade-up\" data-aos-delay=\"600\">\r\n            <div class=\"service-item position-relative\">\r\n              <div class=\"icon\">\r\n                <i class=\"fa-solid fa-arrow-up-from-ground-water\"><\/i>\r\n              <\/div>\r\n              <h3>Enqu\u00eate<\/h3>\r\n              <p>Nous menons des enqu\u00eates sur les accidents et incidents dans le secteur naval.<\/p>\r\n\r\n                                                 <a href=\"#\"class=\"readmore stretched-link\">\r\n                                    En savoir plus <i class=\"fbi bi-arrow-right\"><\/i>\r\n                                <\/a>\r\n                                         \r\n            <\/div>\r\n          <\/div><!-- End Service Item -->\r\n\r\n\r\n           <div class=\"col-lg-4 col-md-6\" data-aos=\"fade-up\" data-aos-delay=\"600\">\r\n            <div class=\"service-item position-relative\">\r\n              <div class=\"icon\">\r\n                <i class=\"fa-solid fa-arrow-up-from-ground-water\"><\/i>\r\n              <\/div>\r\n              <h3>Enqu\u00eates de prechargement<\/h3>\r\n              <p>Notre \u00e9quipe est form\u00e9e et pr\u00eate \u00e0 r\u00e9pondre \u00e0 tous vos besoins en mati\u00e8re d'inspection de pr\u00e9chargement ou de d\u00e9chargement, ainsi que de contr\u00f4le qualit\u00e9 pour tous types d'exp\u00e9ditions.<\/p>\r\n\r\n                                                 <a href=\"#\"class=\"readmore stretched-link\">\r\n                                    En savoir plus <i class=\"fbi bi-arrow-right\"><\/i>\r\n                                <\/a>\r\n                                         \r\n            <\/div>\r\n          <\/div><!-- End Service Item -->\r\n\r\n        <\/div>\r\n\r\n      <\/div>\r\n\r\n    <\/section><!-- \/Services Section -->\r\n\r\n\r\n\r\n\r\n\r\n\r\n\r\n\r\n\r\n\r\n\r\n\r\n\r\n\r\n\r\n\r\n\r\n          \t\t\t\t<\/div>\n\t\t\t\t<\/div>\n\t\t\t\t<\/div>\n\t\t<div class=\"elementor-element elementor-element-9aa024c e-con-full e-flex e-con e-parent\" data-id=\"9aa024c\" data-element_type=\"container\" data-e-type=\"container\">\n\t\t\t\t<div class=\"elementor-element elementor-element-8f239f9 elementor-widget elementor-widget-footer-widget\" data-id=\"8f239f9\" data-element_type=\"widget\" data-e-type=\"widget\" data-widget_type=\"footer-widget.default\">\n\t\t\t\t<div class=\"elementor-widget-container\">\n\t\t\t\t\t\r\n\r\n\r\n\r\n  <footer id=\"footer\" class=\"footer dark-background\">\r\n\r\n    <div class=\"container footer-top\">\r\n      <div class=\"row gy-4\">\r\n        <div class=\"col-lg-4 col-md-6 footer-about\">\r\n    <p>\r\n                                            <img decoding=\"async\" src=\"https:\/\/esmcameroun.com\/wp-content\/uploads\/2026\/03\/logoESM-1-1.png\" alt=\"none\">\r\n                                <\/p>\r\n          <div class=\"footer-contact pt-3\">\r\n            <p>Ancien coll\u00e8ge des nations<\/p>\r\n            <p>Douala-Bonapriso, CMR<\/p>\r\n            <p class=\"mt-3\"><strong>Phone:<\/strong> <span>+237 694 16 35 43<\/span><\/p>\r\n            <p><strong>Email:<\/strong> <span>esmcameroun.survery@esmcameroun.com<\/span><\/p>\r\n          <\/div>\r\n          <div class=\"social-links d-flex mt-4\">\r\n            <a href=\"\"><i class=\"bi bi-twitter-x\"><\/i><\/a>\r\n            <a href=\"\"><i class=\"bi bi-facebook\"><\/i><\/a>\r\n            <a href=\"\"><i class=\"bi bi-instagram\"><\/i><\/a>\r\n            <a href=\"\"><i class=\"bi bi-linkedin\"><\/i><\/a>\r\n          <\/div>\r\n        <\/div>\r\n\r\n        <div class=\"col-lg-2 col-md-3 footer-links\">\r\n          <h4>Liens utiles<\/h4>\r\n          <ul>\r\n            <li><a href=\"#\">Accueil<\/a><\/li>\r\n            <li><a href=\"#\">A Propos<\/a><\/li>\r\n            <li><a href=\"#\">Services<\/a><\/li>\r\n            <li><a href=\"#\">Conditions d'utilisation<\/a><\/li>\r\n            <li><a href=\"#\">Politique de confidentialit\u00e9<\/a><\/li>\r\n          <\/ul>\r\n        <\/div>\r\n\r\n        <div class=\"col-lg-2 col-md-3 footer-links\">\r\n          <h4>Nos Services<\/h4>\r\n          <ul>\r\n            <li><a href=\"#\">Conception Web<\/a><\/li>\r\n            <li><a href=\"#\">D\u00e9veloppement web<\/a><\/li>\r\n            <li><a href=\"#\">Gestion des produits<\/a><\/li>\r\n            <li><a href=\"#\">Marketing<\/a><\/li>\r\n            <li><a href=\"#\">Conception graphique<\/a><\/li>\r\n          <\/ul>\r\n        <\/div>\r\n\r\n      \r\n\r\n      <\/div>\r\n    <\/div>\r\n\r\n    <div class=\"container copyright text-center mt-4\">\r\n      <p>\u00a9 <span>Droit d'auteur<\/span> <strong class=\"px-1 sitename\">ESMCameroun<\/strong> <span>Tous droits r\u00e9serv\u00e9s<\/span><\/p>\r\n      <div class=\"credits\">\r\n       \r\n        Con\u00e7u par <a href=\"https:\/\/bootstrapmade.com\/\">Uc<\/a> \r\n      <\/div>\r\n    <\/div>\r\n\r\n  <\/footer>\r\n\r\n\r\n\r\n\r\n\r\n\r\n\r\n\r\n\r\n          \t\t\t\t<\/div>\n\t\t\t\t<\/div>\n\t\t\t\t<\/div>\n\t\t\t\t<\/div>","protected":false},"excerpt":{"rendered":"<p>Services home Services Services ESM Cameroon is one of the leading companies in marine survey Bunker Survey We perform Bunker Quantity Surveys, We carry out BQS to ascertain fuel and diesel delivered quantities and report any possible shortage. Learn more Condition Surveys We carry out Condition Surveys on board oil tankers, general cargo ships, container [&hellip;]<\/p>\n","protected":false},"author":1,"featured_media":0,"parent":0,"menu_order":0,"comment_status":"closed","ping_status":"closed","template":"elementor_header_footer","meta":{"footnotes":""},"class_list":["post-23","page","type-page","status-publish","hentry"],"_links":{"self":[{"href":"https:\/\/esmcameroun.com\/fr\/wp-json\/wp\/v2\/pages\/23","targetHints":{"allow":["GET"]}}],"collection":[{"href":"https:\/\/esmcameroun.com\/fr\/wp-json\/wp\/v2\/pages"}],"about":[{"href":"https:\/\/esmcameroun.com\/fr\/wp-json\/wp\/v2\/types\/page"}],"author":[{"embeddable":true,"href":"https:\/\/esmcameroun.com\/fr\/wp-json\/wp\/v2\/users\/1"}],"replies":[{"embeddable":true,"href":"https:\/\/esmcameroun.com\/fr\/wp-json\/wp\/v2\/comments?post=23"}],"version-history":[{"count":7,"href":"https:\/\/esmcameroun.com\/fr\/wp-json\/wp\/v2\/pages\/23\/revisions"}],"predecessor-version":[{"id":284,"href":"https:\/\/esmcameroun.com\/fr\/wp-json\/wp\/v2\/pages\/23\/revisions\/284"}],"wp:attachment":[{"href":"https:\/\/esmcameroun.com\/fr\/wp-json\/wp\/v2\/media?parent=23"}],"curies":[{"name":"wp","href":"https:\/\/api.w.org\/{rel}","templated":true}]}}