{"id":34,"date":"2026-03-13T13:12:18","date_gmt":"2026-03-13T12:12:18","guid":{"rendered":"https:\/\/esmcameroun.com\/?page_id=34"},"modified":"2026-03-13T15:44:58","modified_gmt":"2026-03-13T14:44:58","slug":"about-us-2","status":"publish","type":"page","link":"https:\/\/esmcameroun.com\/fr\/about-us-2\/","title":{"rendered":"about us"},"content":{"rendered":"<div data-elementor-type=\"wp-page\" data-elementor-id=\"34\" class=\"elementor elementor-34\">\n\t\t\t\t<div class=\"elementor-element elementor-element-20301bc e-con-full e-flex e-con e-parent\" data-id=\"20301bc\" data-element_type=\"container\" data-e-type=\"container\">\n\t\t\t\t<div class=\"elementor-element elementor-element-e20ef46 elementor-widget elementor-widget-hero-widget\" data-id=\"e20ef46\" data-element_type=\"widget\" data-e-type=\"widget\" data-widget_type=\"hero-widget.default\">\n\t\t\t\t<div class=\"elementor-widget-container\">\n\t\t\t\t\t\r\n\r\n <!-- Page Title -->\r\n    <div class=\"page-title dark-background\">\r\n      <div class=\"container position-relative\">\r\n\r\n        <h1>\u00c0 PROPOS<\/h1>\r\n        <nav class=\"breadcrumbs\">\r\n          <ol>\r\n            <li>                                       <a href=\"https:\/\/esmcameroun.com\/fr\/home\/\">\r\n                                    home \r\n                                <\/a>\r\n                                                    <\/li>\r\n\r\n            <li class=\"current\">\u00c0 PROPOS<\/li>\r\n          <\/ol>\r\n        <\/nav>\r\n      <\/div>\r\n    <\/div><!-- End Page Title -->\r\n\r\n\r\n\r\n\r\n\r\n\r\n\r\n\r\n\r\n\r\n\r\n\r\n\r\n\r\n\r\n\r\n\r\n\r\n\r\n\r\n          \t\t\t\t<\/div>\n\t\t\t\t<\/div>\n\t\t\t\t<\/div>\n\t\t<div class=\"elementor-element elementor-element-9097b7a e-con-full e-flex e-con e-parent\" data-id=\"9097b7a\" data-element_type=\"container\" data-e-type=\"container\">\n\t\t\t\t<div class=\"elementor-element elementor-element-c964732 elementor-widget elementor-widget-second-widget\" data-id=\"c964732\" data-element_type=\"widget\" data-e-type=\"widget\" data-widget_type=\"second-widget.default\">\n\t\t\t\t<div class=\"elementor-widget-container\">\n\t\t\t\t\t\r\n\r\n <!-- About Section -->\r\n    <section id=\"about\" class=\"about section\">\r\n\r\n      <div class=\"container\">\r\n\r\n        <div class=\"row position-relative\">\r\n<div class=\"col-lg-7 about-img\" data-aos=\"zoom-out\" data-aos-delay=\"200\">\r\n                                       <img decoding=\"async\" src=\"https:\/\/esmcameroun.com\/wp-content\/uploads\/2026\/03\/1.JPG-scaled.jpeg\" alt=\"none\">\r\n                                <!-- <img decoding=\"async\" src=\"assets\/img\/about.jpg\"> -->\r\n<\/div>\r\n       \r\n\r\n          <div class=\"col-lg-7\" data-aos=\"fade-up\" data-aos-delay=\"100\">\r\n            <h2 class=\"inner-title\">Bienvenu a ESM CAMEROUN<\/h2>\r\n            <div class=\"our-story\">\r\n              <h4>Est 2018<\/h4>\r\n              <h3>\u00c0 propos de nous<\/h3>\r\n              <p>ESM Cameroun est une soci\u00e9t\u00e9 d'expertise maritime et de fret qui propose des services d'inspection de tous types de marchandises et de certification.<\/p>\r\n              <ul>\r\n                <li><i class=\"bi bi-check-circle\"><\/i> <span>Cr\u00e9\u00e9e en 2018 et agr\u00e9\u00e9e, notre soci\u00e9t\u00e9 est \u00e9galement dipl\u00f4m\u00e9e, certifi\u00e9e et accr\u00e9dit\u00e9e en mati\u00e8re de r\u00e9clamations pour dommages aux marchandises aupr\u00e8s des instituts Lloyd's et IICL.<\/span><\/li>\r\n                <li><i class=\"bi bi-check-circle\"><\/i> <span> Conseiller en cha\u00eene d'approvisionnement et consultant en logistique.<\/span><\/li>\r\n                <li><i class=\"bi bi-check-circle\"><\/i> <span>Repr\u00e9sent\u00e9s \u00e0 la CPET (Chambre Professionnelle des Experts Techniques du Cameroun), nous sommes \u00e9galement conseillers et consultants en logistique pour les fournisseurs de la cha\u00eene.<\/span><\/li>\r\n                     <li><i class=\"bi bi-check-circle\"><\/i> <span>Consultant des Nations Unies aupr\u00e8s de la MINUSCA.<\/span><\/li>\r\n                          <li><i class=\"bi bi-check-circle\"><\/i> <span>Expert en r\u00e9clamations pour dommages aux marchandises.<\/span><\/li>\r\n                               <li><i class=\"bi bi-check-circle\"><\/i> <span>17 ans d'exp\u00e9rience dans l'industrie maritime.<\/span><\/li>\r\n                                    <li><i class=\"bi bi-check-circle\"><\/i> <span>Nous sommes \u00e9galement membres du BIMCO (Baltitic and International Maritime Council).<\/span><\/li>\r\n              <\/ul>\r\n            \r\n\r\n             \r\n            <\/div>\r\n          <\/div>\r\n\r\n        <\/div>\r\n\r\n      <\/div>\r\n\r\n    <\/section><!-- \/About Section -->\r\n\r\n\r\n\r\n\r\n\r\n\r\n\r\n\r\n\r\n\r\n\r\n\r\n\r\n\r\n          \t\t\t\t<\/div>\n\t\t\t\t<\/div>\n\t\t\t\t<\/div>\n\t\t<div class=\"elementor-element elementor-element-39afff0 e-con-full e-flex e-con e-parent\" data-id=\"39afff0\" data-element_type=\"container\" data-e-type=\"container\">\n\t\t\t\t<div class=\"elementor-element elementor-element-6369805 elementor-widget elementor-widget-stats-widget\" data-id=\"6369805\" data-element_type=\"widget\" data-e-type=\"widget\" data-widget_type=\"stats-widget.default\">\n\t\t\t\t<div class=\"elementor-widget-container\">\n\t\t\t\t\t\r\n\r\n\r\n  <!-- Stats Counter Section -->\r\n    <section id=\"stats-counter\" class=\"stats-counter section\">\r\n\r\n      <!-- Section Title -->\r\n     \r\n\r\n      <div class=\"container\" data-aos=\"fade-up\" data-aos-delay=\"100\">\r\n\r\n        <div class=\"row gy-4\">\r\n\r\n          <div class=\"col-lg-3 col-md-6\">\r\n            <div class=\"stats-item d-flex align-items-center w-100 h-100\">\r\n              <i class=\"bi bi-emoji-smile color-blue flex-shrink-0\"><\/i>\r\n              <div>\r\n                <span data-purecounter-start=\"0\" data-purecounter-end=\"232\" data-purecounter-duration=\"1\" class=\"purecounter\"><\/span>\r\n                <p>Clients satisfaits<\/p>\r\n              <\/div>\r\n            <\/div>\r\n          <\/div><!-- End Stats Item -->\r\n\r\n          <div class=\"col-lg-3 col-md-6\">\r\n            <div class=\"stats-item d-flex align-items-center w-100 h-100\">\r\n              <i class=\"bi bi-journal-richtext color-orange flex-shrink-0\"><\/i>\r\n              <div>\r\n                <span data-purecounter-start=\"0\" data-purecounter-end=\"521\" data-purecounter-duration=\"1\" class=\"purecounter\"><\/span>\r\n                <p>Projets<\/p>\r\n              <\/div>\r\n            <\/div>\r\n          <\/div><!-- End Stats Item -->\r\n\r\n          <div class=\"col-lg-3 col-md-6\">\r\n            <div class=\"stats-item d-flex align-items-center w-100 h-100\">\r\n              <i class=\"bi bi-headset color-green flex-shrink-0\"><\/i>\r\n              <div>\r\n                <span data-purecounter-start=\"0\" data-purecounter-end=\"1463\" data-purecounter-duration=\"1\" class=\"purecounter\"><\/span>\r\n                <p>Heures d'assistance<\/p>\r\n              <\/div>\r\n            <\/div>\r\n          <\/div><!-- End Stats Item -->\r\n\r\n          <div class=\"col-lg-3 col-md-6\">\r\n            <div class=\"stats-item d-flex align-items-center w-100 h-100\">\r\n              <i class=\"bi bi-people color-pink flex-shrink-0\"><\/i>\r\n              <div>\r\n                <span data-purecounter-start=\"0\" data-purecounter-end=\"15\" data-purecounter-duration=\"1\" class=\"purecounter\"><\/span>\r\n                <p>Travailleurs acharn\u00e9s<\/p>\r\n              <\/div>\r\n            <\/div>\r\n          <\/div><!-- End Stats Item -->\r\n\r\n        <\/div>\r\n\r\n      <\/div>\r\n\r\n    <\/section><!-- \/Stats Counter Section -->\r\n\r\n\r\n\r\n\r\n\r\n\r\n\r\n\r\n\r\n\r\n       \t\t\t\t<\/div>\n\t\t\t\t<\/div>\n\t\t\t\t<\/div>\n\t\t<div class=\"elementor-element elementor-element-5843dd0 e-con-full e-flex e-con e-parent\" data-id=\"5843dd0\" data-element_type=\"container\" data-e-type=\"container\">\n\t\t\t\t<div class=\"elementor-element elementor-element-ec60cfc elementor-widget elementor-widget-third-widget\" data-id=\"ec60cfc\" data-element_type=\"widget\" data-e-type=\"widget\" data-widget_type=\"third-widget.default\">\n\t\t\t\t<div class=\"elementor-widget-container\">\n\t\t\t\t\t\r\n\r\n<!-- Alt Services Section -->\r\n    <section id=\"alt-services\" class=\"alt-services section\">\r\n\r\n      <div class=\"container\">\r\n\r\n        <div class=\"row justify-content-around gy-4\">\r\n            <div class=\"features-image col-lg-6\" data-aos=\"fade-up\" data-aos-delay=\"100\">\r\n\r\n                                               <img decoding=\"async\" src=\"https:\/\/esmcameroun.com\/wp-content\/uploads\/2026\/03\/3.JPG-1-1-scaled.jpeg\" alt=\"none\">\r\n                                        <\/div>\r\n\r\n          <div class=\"col-lg-5 d-flex flex-column justify-content-center\" data-aos=\"fade-up\" data-aos-delay=\"200\">\r\n            <h3>ESM Cameroun<\/h3>\r\n            <p>ESM Cameroun exerce son activit\u00e9 quotidienne au port de Douala, mais nous fournissons \u00e9galement des services d'assistance \u00e0 l'\u00e9chelle nationale et internationale.<\/p>\r\n\r\n            <div class=\"icon-box d-flex position-relative\" data-aos=\"fade-up\" data-aos-delay=\"300\">\r\n              <i class=\"bi bi-easel flex-shrink-0\"><\/i>\r\n              <div>\r\n                <h4>\r\n\r\n                                                  <a href=\"#\" class=\"stretched-link\">\r\n                                    Engagement \r\n                                <\/a>\r\n                             \r\n                    \r\n                <\/h4>\r\n                <p>ESM Cameroun exerce son activit\u00e9 quotidienne au port de Douala, mais nous fournissons \u00e9galement des services d'assistance \u00e0 l'\u00e9chelle nationale et internationale.<\/p>\r\n              <\/div>\r\n            <\/div><!-- End Icon Box -->\r\n\r\n            <div class=\"icon-box d-flex position-relative\" data-aos=\"fade-up\" data-aos-delay=\"400\">\r\n              <i class=\"bi bi-patch-check flex-shrink-0\"><\/i>\r\n              <div>\r\n                <h4>\r\n                    \r\n                                                  <a href=\"#\" class=\"stretched-link\">\r\n                                    Orientation Client \r\n                                <\/a>\r\n                                           <p>Nous travaillons pour atteindre la pleine satisfaction de nos clients, en anticipant leurs besoins et en d\u00e9passant leurs attentes.<\/p>\r\n              <\/div>\r\n            <\/div><!-- End Icon Box -->\r\n\r\n            <div class=\"icon-box d-flex position-relative\" data-aos=\"fade-up\" data-aos-delay=\"500\">\r\n              <i class=\"bi bi-brightness-high flex-shrink-0\"><\/i>\r\n              <div>\r\n                <h4>\r\n                                                        <a href=\"#\" class=\"stretched-link\">\r\n                                    Efficacite \r\n                                <\/a>\r\n                            \r\n                          <\/a><\/h4>\r\n                <p>Notre objectif principal est de garantir l'efficacit\u00e9 de nos services en respectant les engagements pris et en atteignant efficacement les objectifs fix\u00e9s.<\/p>\r\n              <\/div>\r\n            <\/div><!-- End Icon Box -->\r\n\r\n            <div class=\"icon-box d-flex position-relative\" data-aos=\"fade-up\" data-aos-delay=\"600\">\r\n              <i class=\"bi bi-brightness-high flex-shrink-0\"><\/i>\r\n              <div>\r\n                <h4>\r\n                                                        <a href=\"#\" class=\"stretched-link\">\r\n                                    Experience \r\n                                <\/a>\r\n                           <\/h4>\r\n                <p>L'\u00e9quipe ESM Cameroun est hautement qualifi\u00e9e. Nos professionnels suivent une formation continue afin d'offrir une assistance hautement comp\u00e9titive en termes de qualit\u00e9, de prix et de d\u00e9lais.<\/p>\r\n              <\/div>\r\n            <\/div><!-- End Icon Box -->\r\n\r\n          <\/div>\r\n        <\/div>\r\n\r\n      <\/div>\r\n\r\n    <\/section><!-- \/Alt Services Section -->\r\n\r\n\r\n\r\n\r\n\r\n\r\n\r\n\r\n\r\n          \t\t\t\t<\/div>\n\t\t\t\t<\/div>\n\t\t\t\t<\/div>\n\t\t<div class=\"elementor-element elementor-element-ec2543b e-con-full e-flex e-con e-parent\" data-id=\"ec2543b\" data-element_type=\"container\" data-e-type=\"container\">\n\t\t\t\t<div class=\"elementor-element elementor-element-d9b59b0 elementor-widget elementor-widget-footer-widget\" data-id=\"d9b59b0\" data-element_type=\"widget\" data-e-type=\"widget\" data-widget_type=\"footer-widget.default\">\n\t\t\t\t<div class=\"elementor-widget-container\">\n\t\t\t\t\t\r\n\r\n\r\n\r\n  <footer id=\"footer\" class=\"footer dark-background\">\r\n\r\n    <div class=\"container footer-top\">\r\n      <div class=\"row gy-4\">\r\n        <div class=\"col-lg-4 col-md-6 footer-about\">\r\n    <p>\r\n                                            <img decoding=\"async\" src=\"https:\/\/esmcameroun.com\/wp-content\/uploads\/2026\/03\/logoESM-1-1.png\" alt=\"none\">\r\n                                <\/p>\r\n          <div class=\"footer-contact pt-3\">\r\n            <p>Ancien coll\u00e8ge des nations<\/p>\r\n            <p>Douala-Bonapriso, CMR<\/p>\r\n            <p class=\"mt-3\"><strong>Phone:<\/strong> <span>+237 694 16 35 43<\/span><\/p>\r\n            <p><strong>Email:<\/strong> <span>esmcameroun.survery@esmcameroun.com<\/span><\/p>\r\n          <\/div>\r\n          <div class=\"social-links d-flex mt-4\">\r\n            <a href=\"\"><i class=\"bi bi-twitter-x\"><\/i><\/a>\r\n            <a href=\"\"><i class=\"bi bi-facebook\"><\/i><\/a>\r\n            <a href=\"\"><i class=\"bi bi-instagram\"><\/i><\/a>\r\n            <a href=\"\"><i class=\"bi bi-linkedin\"><\/i><\/a>\r\n          <\/div>\r\n        <\/div>\r\n\r\n        <div class=\"col-lg-2 col-md-3 footer-links\">\r\n          <h4>Liens utiles<\/h4>\r\n          <ul>\r\n            <li><a href=\"#\">Accueil<\/a><\/li>\r\n            <li><a href=\"#\">A Propos<\/a><\/li>\r\n            <li><a href=\"#\">Services<\/a><\/li>\r\n            <li><a href=\"#\">Conditions d'utilisation<\/a><\/li>\r\n            <li><a href=\"#\">Politique de confidentialit\u00e9<\/a><\/li>\r\n          <\/ul>\r\n        <\/div>\r\n\r\n        <div class=\"col-lg-2 col-md-3 footer-links\">\r\n          <h4>Nos Services<\/h4>\r\n          <ul>\r\n            <li><a href=\"#\">Conception Web<\/a><\/li>\r\n            <li><a href=\"#\">D\u00e9veloppement web<\/a><\/li>\r\n            <li><a href=\"#\">Gestion des produits<\/a><\/li>\r\n            <li><a href=\"#\">Marketing<\/a><\/li>\r\n            <li><a href=\"#\">Conception graphique<\/a><\/li>\r\n          <\/ul>\r\n        <\/div>\r\n\r\n      \r\n\r\n      <\/div>\r\n    <\/div>\r\n\r\n    <div class=\"container copyright text-center mt-4\">\r\n      <p>\u00a9 <span>Droit d'auteur<\/span> <strong class=\"px-1 sitename\">ESMCameroun<\/strong> <span>Tous droits r\u00e9serv\u00e9s<\/span><\/p>\r\n      <div class=\"credits\">\r\n       \r\n        Con\u00e7u par <a href=\"https:\/\/bootstrapmade.com\/\">Uc<\/a> \r\n      <\/div>\r\n    <\/div>\r\n\r\n  <\/footer>\r\n\r\n\r\n\r\n\r\n\r\n\r\n\r\n\r\n\r\n          \t\t\t\t<\/div>\n\t\t\t\t<\/div>\n\t\t\t\t<\/div>\n\t\t\t\t<\/div>","protected":false},"excerpt":{"rendered":"<p>About home About Welcome to ESM CAMEROON Est 2018 Our About ESM Cameroon is cargo and Marine surveyors, offering services in inspection of all type of cargo and certification Created in 2018 and approved,We are also graduated, certified and accredited in cargo damage claims at Lloyd\u2019s and IICL institutes. Chain supply advisor and logistics consultant. [&hellip;]<\/p>\n","protected":false},"author":1,"featured_media":0,"parent":0,"menu_order":0,"comment_status":"closed","ping_status":"closed","template":"elementor_header_footer","meta":{"footnotes":""},"class_list":["post-34","page","type-page","status-publish","hentry"],"_links":{"self":[{"href":"https:\/\/esmcameroun.com\/fr\/wp-json\/wp\/v2\/pages\/34","targetHints":{"allow":["GET"]}}],"collection":[{"href":"https:\/\/esmcameroun.com\/fr\/wp-json\/wp\/v2\/pages"}],"about":[{"href":"https:\/\/esmcameroun.com\/fr\/wp-json\/wp\/v2\/types\/page"}],"author":[{"embeddable":true,"href":"https:\/\/esmcameroun.com\/fr\/wp-json\/wp\/v2\/users\/1"}],"replies":[{"embeddable":true,"href":"https:\/\/esmcameroun.com\/fr\/wp-json\/wp\/v2\/comments?post=34"}],"version-history":[{"count":10,"href":"https:\/\/esmcameroun.com\/fr\/wp-json\/wp\/v2\/pages\/34\/revisions"}],"predecessor-version":[{"id":277,"href":"https:\/\/esmcameroun.com\/fr\/wp-json\/wp\/v2\/pages\/34\/revisions\/277"}],"wp:attachment":[{"href":"https:\/\/esmcameroun.com\/fr\/wp-json\/wp\/v2\/media?parent=34"}],"curies":[{"name":"wp","href":"https:\/\/api.w.org\/{rel}","templated":true}]}}