{"id":40,"date":"2026-03-13T13:13:34","date_gmt":"2026-03-13T12:13:34","guid":{"rendered":"https:\/\/esmcameroun.com\/?page_id=40"},"modified":"2026-03-14T09:43:18","modified_gmt":"2026-03-14T08:43:18","slug":"preloading-surveys","status":"publish","type":"page","link":"https:\/\/esmcameroun.com\/fr\/preloading-surveys\/","title":{"rendered":"PRECHARGEMENT DES ENQU\u00caTES"},"content":{"rendered":"<div data-elementor-type=\"wp-page\" data-elementor-id=\"40\" class=\"elementor elementor-40\">\n\t\t\t\t<div class=\"elementor-element elementor-element-81ad4b2 e-con-full e-flex e-con e-parent\" data-id=\"81ad4b2\" data-element_type=\"container\" data-e-type=\"container\">\n\t\t\t\t<div class=\"elementor-element elementor-element-3660d6a elementor-widget elementor-widget-hero-widget\" data-id=\"3660d6a\" data-element_type=\"widget\" data-e-type=\"widget\" data-widget_type=\"hero-widget.default\">\n\t\t\t\t<div class=\"elementor-widget-container\">\n\t\t\t\t\t\r\n\r\n <!-- Page Title -->\r\n    <div class=\"page-title dark-background\">\r\n      <div class=\"container position-relative\">\r\n\r\n        <h1>PRECHARGEMENT DES ENQU\u00caTES<\/h1>\r\n        <nav class=\"breadcrumbs\">\r\n          <ol>\r\n            <li>                                       <a href=\"https:\/\/esmcameroun.com\/fr\/home\/\">\r\n                                    home \r\n                                <\/a>\r\n                                                    <\/li>\r\n\r\n            <li class=\"current\">PRECHARGEMENT DES ENQU\u00caTES<\/li>\r\n          <\/ol>\r\n        <\/nav>\r\n      <\/div>\r\n    <\/div><!-- End Page Title -->\r\n\r\n\r\n\r\n\r\n\r\n\r\n\r\n\r\n\r\n\r\n\r\n\r\n\r\n\r\n\r\n\r\n\r\n\r\n\r\n\r\n          \t\t\t\t<\/div>\n\t\t\t\t<\/div>\n\t\t\t\t<\/div>\n\t\t<div class=\"elementor-element elementor-element-fe3bc42 e-flex e-con-boxed e-con e-parent\" data-id=\"fe3bc42\" data-element_type=\"container\" data-e-type=\"container\">\n\t\t\t\t\t<div class=\"e-con-inner\">\n\t\t\t\t<div class=\"elementor-element elementor-element-83dc6c9 elementor-hidden-mobile elementor-arrows-position-inside elementor-pagination-position-outside elementor-widget elementor-widget-image-carousel\" data-id=\"83dc6c9\" data-element_type=\"widget\" data-e-type=\"widget\" data-settings=\"{&quot;navigation&quot;:&quot;both&quot;,&quot;autoplay&quot;:&quot;yes&quot;,&quot;pause_on_hover&quot;:&quot;yes&quot;,&quot;pause_on_interaction&quot;:&quot;yes&quot;,&quot;autoplay_speed&quot;:5000,&quot;infinite&quot;:&quot;yes&quot;,&quot;speed&quot;:500}\" data-widget_type=\"image-carousel.default\">\n\t\t\t\t\t\t\t<div class=\"elementor-image-carousel-wrapper swiper\" role=\"region\" aria-roledescription=\"carousel\" aria-label=\"Carrousel d\u2019images\" dir=\"ltr\">\n\t\t\t<div class=\"elementor-image-carousel swiper-wrapper\" aria-live=\"off\">\n\t\t\t\t\t\t\t\t<div class=\"swiper-slide\" role=\"group\" aria-roledescription=\"slide\" aria-label=\"1 of 1\"><figure class=\"swiper-slide-inner\"><img decoding=\"async\" class=\"swiper-slide-image\" src=\"https:\/\/esmcameroun.com\/wp-content\/uploads\/2026\/03\/3.JPG-1-scaled.jpeg\" alt=\"3.JPG\" \/><\/figure><\/div>\t\t\t<\/div>\n\t\t\t\t\t<\/div>\n\t\t\t\t\t\t<\/div>\n\t\t\t\t\t<\/div>\n\t\t\t\t<\/div>\n\t\t<div class=\"elementor-element elementor-element-2d2b591 e-flex e-con-boxed e-con e-parent\" data-id=\"2d2b591\" data-element_type=\"container\" data-e-type=\"container\">\n\t\t\t\t\t<div class=\"e-con-inner\">\n\t\t\t\t<div class=\"elementor-element elementor-element-9d3706a elementor-widget elementor-widget-heading\" data-id=\"9d3706a\" data-element_type=\"widget\" data-e-type=\"widget\" data-widget_type=\"heading.default\">\n\t\t\t\t\t<h2 class=\"elementor-heading-title elementor-size-default\">PRECHARGEMENT DES ENQU\u00caTES<\/h2>\t\t\t\t<\/div>\n\t\t\t\t\t<\/div>\n\t\t\t\t<\/div>\n\t\t<div class=\"elementor-element elementor-element-582d3dc e-flex e-con-boxed e-con e-parent\" data-id=\"582d3dc\" data-element_type=\"container\" data-e-type=\"container\">\n\t\t\t\t\t<div class=\"e-con-inner\">\n\t\t\t\t<div class=\"elementor-element elementor-element-0729185 elementor-widget__width-initial elementor-widget elementor-widget-text-editor\" data-id=\"0729185\" data-element_type=\"widget\" data-e-type=\"widget\" data-widget_type=\"text-editor.default\">\n\t\t\t\t\t\t\t\t\t<p>Notre \u00e9quipe est form\u00e9e et pr\u00eate \u00e0 r\u00e9pondre \u00e0 tous vos besoins en mati\u00e8re d'inspection de pr\u00e9chargement ou de d\u00e9chargement, ainsi que de contr\u00f4le qualit\u00e9 pour tous types d'exp\u00e9ditions.<\/p><p>Nous effectuons des inspections sur tous types de marchandises afin de d\u00e9terminer leur \u00e9tat d\u00e9taill\u00e9, avant, pendant et apr\u00e8s leur exp\u00e9dition ou leur d\u00e9chargement, ainsi que l'\u00e9tat de leur arrimage, en \u00e9tablissant un contact direct et en temps r\u00e9el avec nos clients, afin de r\u00e9pondre \u00e0 tous vos besoins tout en prot\u00e9geant pleinement vos int\u00e9r\u00eats.<\/p>\t\t\t\t\t\t\t\t<\/div>\n\t\t\t\t\t<\/div>\n\t\t\t\t<\/div>\n\t\t<div class=\"elementor-element elementor-element-756fddd e-con-full e-flex e-con e-parent\" data-id=\"756fddd\" data-element_type=\"container\" data-e-type=\"container\">\n\t\t\t\t<div class=\"elementor-element elementor-element-c4e5d82 elementor-widget elementor-widget-footer-widget\" data-id=\"c4e5d82\" data-element_type=\"widget\" data-e-type=\"widget\" data-widget_type=\"footer-widget.default\">\n\t\t\t\t<div class=\"elementor-widget-container\">\n\t\t\t\t\t\r\n\r\n\r\n\r\n  <footer id=\"footer\" class=\"footer dark-background\">\r\n\r\n    <div class=\"container footer-top\">\r\n      <div class=\"row gy-4\">\r\n        <div class=\"col-lg-4 col-md-6 footer-about\">\r\n    <p>\r\n                                            <img decoding=\"async\" src=\"https:\/\/esmcameroun.com\/wp-content\/uploads\/2026\/03\/logoESM-1-1.png\" alt=\"none\">\r\n                                <\/p>\r\n          <div class=\"footer-contact pt-3\">\r\n            <p>Ancien coll\u00e8ge des nations<\/p>\r\n            <p>Douala-Bonapriso, CMR<\/p>\r\n            <p class=\"mt-3\"><strong>Phone:<\/strong> <span>+237 694 16 35 43<\/span><\/p>\r\n            <p><strong>Email:<\/strong> <span>esmcameroun.survery@esmcameroun.com<\/span><\/p>\r\n          <\/div>\r\n          <div class=\"social-links d-flex mt-4\">\r\n            <a href=\"\"><i class=\"bi bi-twitter-x\"><\/i><\/a>\r\n            <a href=\"\"><i class=\"bi bi-facebook\"><\/i><\/a>\r\n            <a href=\"\"><i class=\"bi bi-instagram\"><\/i><\/a>\r\n            <a href=\"\"><i class=\"bi bi-linkedin\"><\/i><\/a>\r\n          <\/div>\r\n        <\/div>\r\n\r\n        <div class=\"col-lg-2 col-md-3 footer-links\">\r\n          <h4>Liens utiles<\/h4>\r\n          <ul>\r\n            <li><a href=\"#\">Accueil<\/a><\/li>\r\n            <li><a href=\"#\">A Propos<\/a><\/li>\r\n            <li><a href=\"#\">Services<\/a><\/li>\r\n            <li><a href=\"#\">Conditions d'utilisation<\/a><\/li>\r\n            <li><a href=\"#\">Politique de confidentialit\u00e9<\/a><\/li>\r\n          <\/ul>\r\n        <\/div>\r\n\r\n        <div class=\"col-lg-2 col-md-3 footer-links\">\r\n          <h4>Nos Services<\/h4>\r\n          <ul>\r\n            <li><a href=\"#\">Conception Web<\/a><\/li>\r\n            <li><a href=\"#\">D\u00e9veloppement web<\/a><\/li>\r\n            <li><a href=\"#\">Gestion des produits<\/a><\/li>\r\n            <li><a href=\"#\">Marketing<\/a><\/li>\r\n            <li><a href=\"#\">Conception graphique<\/a><\/li>\r\n          <\/ul>\r\n        <\/div>\r\n\r\n      \r\n\r\n      <\/div>\r\n    <\/div>\r\n\r\n    <div class=\"container copyright text-center mt-4\">\r\n      <p>\u00a9 <span>Droit d'auteur<\/span> <strong class=\"px-1 sitename\">ESMCameroun<\/strong> <span>Tous droits r\u00e9serv\u00e9s<\/span><\/p>\r\n      <div class=\"credits\">\r\n       \r\n        Con\u00e7u par <a href=\"https:\/\/bootstrapmade.com\/\">Uc<\/a> \r\n      <\/div>\r\n    <\/div>\r\n\r\n  <\/footer>\r\n\r\n\r\n\r\n\r\n\r\n\r\n\r\n\r\n\r\n          \t\t\t\t<\/div>\n\t\t\t\t<\/div>\n\t\t\t\t<\/div>\n\t\t\t\t<\/div>","protected":false},"excerpt":{"rendered":"<p>PRELOADING SURVEYS home PRELOADING SURVEYS PRELOADING SURVEYS Our team is trained and ready to attend all your needs on the performance of Preloading or Outturn cargo surveys as well as Quality Controls to all kind of shipments. We perform inspections to all kind of commodities in order to determine a detailed condition thereof, prior to, [&hellip;]<\/p>\n","protected":false},"author":1,"featured_media":0,"parent":0,"menu_order":0,"comment_status":"closed","ping_status":"closed","template":"elementor_header_footer","meta":{"footnotes":""},"class_list":["post-40","page","type-page","status-publish","hentry"],"_links":{"self":[{"href":"https:\/\/esmcameroun.com\/fr\/wp-json\/wp\/v2\/pages\/40","targetHints":{"allow":["GET"]}}],"collection":[{"href":"https:\/\/esmcameroun.com\/fr\/wp-json\/wp\/v2\/pages"}],"about":[{"href":"https:\/\/esmcameroun.com\/fr\/wp-json\/wp\/v2\/types\/page"}],"author":[{"embeddable":true,"href":"https:\/\/esmcameroun.com\/fr\/wp-json\/wp\/v2\/users\/1"}],"replies":[{"embeddable":true,"href":"https:\/\/esmcameroun.com\/fr\/wp-json\/wp\/v2\/comments?post=40"}],"version-history":[{"count":5,"href":"https:\/\/esmcameroun.com\/fr\/wp-json\/wp\/v2\/pages\/40\/revisions"}],"predecessor-version":[{"id":363,"href":"https:\/\/esmcameroun.com\/fr\/wp-json\/wp\/v2\/pages\/40\/revisions\/363"}],"wp:attachment":[{"href":"https:\/\/esmcameroun.com\/fr\/wp-json\/wp\/v2\/media?parent=40"}],"curies":[{"name":"wp","href":"https:\/\/api.w.org\/{rel}","templated":true}]}}