{"id":42,"date":"2026-03-13T13:13:56","date_gmt":"2026-03-13T12:13:56","guid":{"rendered":"https:\/\/esmcameroun.com\/?page_id=42"},"modified":"2026-03-14T09:32:21","modified_gmt":"2026-03-14T08:32:21","slug":"cargo-surveys","status":"publish","type":"page","link":"https:\/\/esmcameroun.com\/fr\/cargo-surveys\/","title":{"rendered":"INSPECTION DES CARGAISONS"},"content":{"rendered":"<div data-elementor-type=\"wp-page\" data-elementor-id=\"42\" class=\"elementor elementor-42\">\n\t\t\t\t<div class=\"elementor-element elementor-element-de220f0 e-con-full e-flex e-con e-parent\" data-id=\"de220f0\" data-element_type=\"container\" data-e-type=\"container\">\n\t\t\t\t<div class=\"elementor-element elementor-element-78afd0c elementor-widget elementor-widget-hero-widget\" data-id=\"78afd0c\" data-element_type=\"widget\" data-e-type=\"widget\" data-widget_type=\"hero-widget.default\">\n\t\t\t\t<div class=\"elementor-widget-container\">\n\t\t\t\t\t\r\n\r\n <!-- Page Title -->\r\n    <div class=\"page-title dark-background\">\r\n      <div class=\"container position-relative\">\r\n\r\n        <h1>INSPECTION DES CARGAISONS<\/h1>\r\n        <nav class=\"breadcrumbs\">\r\n          <ol>\r\n            <li>                                       <a href=\"#\">\r\n                                    home \r\n                                <\/a>\r\n                                                    <\/li>\r\n\r\n            <li class=\"current\">INSPECTION DES CARGAISONS<\/li>\r\n          <\/ol>\r\n        <\/nav>\r\n      <\/div>\r\n    <\/div><!-- End Page Title -->\r\n\r\n\r\n\r\n\r\n\r\n\r\n\r\n\r\n\r\n\r\n\r\n\r\n\r\n\r\n\r\n\r\n\r\n\r\n\r\n\r\n          \t\t\t\t<\/div>\n\t\t\t\t<\/div>\n\t\t\t\t<\/div>\n\t\t<div class=\"elementor-element elementor-element-120fdb3 e-flex e-con-boxed e-con e-parent\" data-id=\"120fdb3\" data-element_type=\"container\" data-e-type=\"container\">\n\t\t\t\t\t<div class=\"e-con-inner\">\n\t\t\t\t<div class=\"elementor-element elementor-element-a99d1fb elementor-hidden-mobile elementor-arrows-position-inside elementor-pagination-position-outside elementor-widget elementor-widget-image-carousel\" data-id=\"a99d1fb\" data-element_type=\"widget\" data-e-type=\"widget\" data-settings=\"{&quot;navigation&quot;:&quot;both&quot;,&quot;autoplay&quot;:&quot;yes&quot;,&quot;pause_on_hover&quot;:&quot;yes&quot;,&quot;pause_on_interaction&quot;:&quot;yes&quot;,&quot;autoplay_speed&quot;:5000,&quot;infinite&quot;:&quot;yes&quot;,&quot;speed&quot;:500}\" data-widget_type=\"image-carousel.default\">\n\t\t\t\t\t\t\t<div class=\"elementor-image-carousel-wrapper swiper\" role=\"region\" aria-roledescription=\"carousel\" aria-label=\"Carrousel d\u2019images\" dir=\"ltr\">\n\t\t\t<div class=\"elementor-image-carousel swiper-wrapper\" aria-live=\"off\">\n\t\t\t\t\t\t\t\t<div class=\"swiper-slide\" role=\"group\" aria-roledescription=\"slide\" aria-label=\"1 of 1\"><figure class=\"swiper-slide-inner\"><img decoding=\"async\" class=\"swiper-slide-image\" src=\"https:\/\/esmcameroun.com\/wp-content\/uploads\/2026\/03\/3.JPG-1-1-scaled.jpeg\" alt=\"3.JPG-1\" \/><\/figure><\/div>\t\t\t<\/div>\n\t\t\t\t\t<\/div>\n\t\t\t\t\t\t<\/div>\n\t\t\t\t\t<\/div>\n\t\t\t\t<\/div>\n\t\t<div class=\"elementor-element elementor-element-982f714 e-flex e-con-boxed e-con e-parent\" data-id=\"982f714\" data-element_type=\"container\" data-e-type=\"container\">\n\t\t\t\t\t<div class=\"e-con-inner\">\n\t\t\t\t<div class=\"elementor-element elementor-element-745d8f2 elementor-widget elementor-widget-heading\" data-id=\"745d8f2\" data-element_type=\"widget\" data-e-type=\"widget\" data-widget_type=\"heading.default\">\n\t\t\t\t\t<h2 class=\"elementor-heading-title elementor-size-default\">Inspections de cargaison<\/h2>\t\t\t\t<\/div>\n\t\t\t\t\t<\/div>\n\t\t\t\t<\/div>\n\t\t<div class=\"elementor-element elementor-element-61db6f3 e-flex e-con-boxed e-con e-parent\" data-id=\"61db6f3\" data-element_type=\"container\" data-e-type=\"container\">\n\t\t\t\t\t<div class=\"e-con-inner\">\n\t\t\t\t<div class=\"elementor-element elementor-element-7cd0ce5 elementor-widget elementor-widget-text-editor\" data-id=\"7cd0ce5\" data-element_type=\"widget\" data-e-type=\"widget\" data-widget_type=\"text-editor.default\">\n\t\t\t\t\t\t\t\t\t<div class=\"portfolio-description\"><p>Nous pouvons assister aux inspections\/v\u00e9rifications de la cargaison dans toute leur extension afin de d\u00e9terminer leur manutention\/arrimage corrects, en aidant l'\u00e9quipage \u00e0 tout moment et en recherchant la solution la plus appropri\u00e9e en fonction du type de navire et de la cargaison charg\u00e9e, en d\u00e9terminant l'\u00e9tendue et les causes en cas de perte ou en pr\u00e9levant simplement des \u00e9chantillons du produit pour v\u00e9rifier sa qualit\u00e9.<\/p><\/div><ul><li><i class=\"bi bi-check-circle\"><\/i>\u00a0Inspection du calage et de l'\u00e9tanch\u00e9it\u00e9.<\/li><li><i class=\"bi bi-check-circle\"><\/i>\u00a0Calculs de stabilit\u00e9.<\/li><li><i class=\"bi bi-check-circle\"><\/i>\u00a0Surveillance des op\u00e9rations de fret.<\/li><li><i class=\"bi bi-check-circle\"><\/i>\u00a0Enqu\u00eate sur les conditions d'arrimage.<\/li><li><i class=\"bi bi-check-circle\"><\/i>\u00a0Inspection et certification des \u00e9quipements de chargement.<\/li><li><i class=\"bi bi-check-circle\"><\/i>\u00a0Inspections des marchandises dangereuses.<\/li><\/ul>\t\t\t\t\t\t\t\t<\/div>\n\t\t\t\t\t<\/div>\n\t\t\t\t<\/div>\n\t\t<div class=\"elementor-element elementor-element-bd397f8 e-con-full e-flex e-con e-parent\" data-id=\"bd397f8\" data-element_type=\"container\" data-e-type=\"container\">\n\t\t\t\t<div class=\"elementor-element elementor-element-c62db54 elementor-widget elementor-widget-footer-widget\" data-id=\"c62db54\" data-element_type=\"widget\" data-e-type=\"widget\" data-widget_type=\"footer-widget.default\">\n\t\t\t\t<div class=\"elementor-widget-container\">\n\t\t\t\t\t\r\n\r\n\r\n\r\n  <footer id=\"footer\" class=\"footer dark-background\">\r\n\r\n    <div class=\"container footer-top\">\r\n      <div class=\"row gy-4\">\r\n        <div class=\"col-lg-4 col-md-6 footer-about\">\r\n    <p>\r\n                                            <img decoding=\"async\" src=\"https:\/\/esmcameroun.com\/wp-content\/uploads\/2026\/03\/logoESM-1-1.png\" alt=\"none\">\r\n                                <\/p>\r\n          <div class=\"footer-contact pt-3\">\r\n            <p>Ancien coll\u00e8ge des nations<\/p>\r\n            <p>Douala-Bonapriso, CMR<\/p>\r\n            <p class=\"mt-3\"><strong>Phone:<\/strong> <span>+237 694 16 35 43<\/span><\/p>\r\n            <p><strong>Email:<\/strong> <span>esmcameroun.survery@esmcameroun.com<\/span><\/p>\r\n          <\/div>\r\n          <div class=\"social-links d-flex mt-4\">\r\n            <a href=\"\"><i class=\"bi bi-twitter-x\"><\/i><\/a>\r\n            <a href=\"\"><i class=\"bi bi-facebook\"><\/i><\/a>\r\n            <a href=\"\"><i class=\"bi bi-instagram\"><\/i><\/a>\r\n            <a href=\"\"><i class=\"bi bi-linkedin\"><\/i><\/a>\r\n          <\/div>\r\n        <\/div>\r\n\r\n        <div class=\"col-lg-2 col-md-3 footer-links\">\r\n          <h4>Liens utiles<\/h4>\r\n          <ul>\r\n            <li><a href=\"#\">Accueil<\/a><\/li>\r\n            <li><a href=\"#\">A Propos<\/a><\/li>\r\n            <li><a href=\"#\">Services<\/a><\/li>\r\n            <li><a href=\"#\">Conditions d'utilisation<\/a><\/li>\r\n            <li><a href=\"#\">Politique de confidentialit\u00e9<\/a><\/li>\r\n          <\/ul>\r\n        <\/div>\r\n\r\n        <div class=\"col-lg-2 col-md-3 footer-links\">\r\n          <h4>Nos Services<\/h4>\r\n          <ul>\r\n            <li><a href=\"#\">Conception Web<\/a><\/li>\r\n            <li><a href=\"#\">D\u00e9veloppement web<\/a><\/li>\r\n            <li><a href=\"#\">Gestion des produits<\/a><\/li>\r\n            <li><a href=\"#\">Marketing<\/a><\/li>\r\n            <li><a href=\"#\">Conception graphique<\/a><\/li>\r\n          <\/ul>\r\n        <\/div>\r\n\r\n      \r\n\r\n      <\/div>\r\n    <\/div>\r\n\r\n    <div class=\"container copyright text-center mt-4\">\r\n      <p>\u00a9 <span>Droit d'auteur<\/span> <strong class=\"px-1 sitename\">ESMCameroun<\/strong> <span>Tous droits r\u00e9serv\u00e9s<\/span><\/p>\r\n      <div class=\"credits\">\r\n       \r\n        Con\u00e7u par <a href=\"https:\/\/bootstrapmade.com\/\">Uc<\/a> \r\n      <\/div>\r\n    <\/div>\r\n\r\n  <\/footer>\r\n\r\n\r\n\r\n\r\n\r\n\r\n\r\n\r\n\r\n          \t\t\t\t<\/div>\n\t\t\t\t<\/div>\n\t\t\t\t<\/div>\n\t\t\t\t<\/div>","protected":false},"excerpt":{"rendered":"<p>CARGO SURVEYS home CARGO SURVEYS Cargo surveys We can attend inspections \/ surveys of cargo in all their extension in order to determine their correct handling \/ stowage, assisting the crew at all times and looking for the most appropriate solution according to vessel type and cargo loaded, determining the scope and causes in case [&hellip;]<\/p>\n","protected":false},"author":1,"featured_media":0,"parent":0,"menu_order":0,"comment_status":"closed","ping_status":"closed","template":"elementor_header_footer","meta":{"footnotes":""},"class_list":["post-42","page","type-page","status-publish","hentry"],"_links":{"self":[{"href":"https:\/\/esmcameroun.com\/fr\/wp-json\/wp\/v2\/pages\/42","targetHints":{"allow":["GET"]}}],"collection":[{"href":"https:\/\/esmcameroun.com\/fr\/wp-json\/wp\/v2\/pages"}],"about":[{"href":"https:\/\/esmcameroun.com\/fr\/wp-json\/wp\/v2\/types\/page"}],"author":[{"embeddable":true,"href":"https:\/\/esmcameroun.com\/fr\/wp-json\/wp\/v2\/users\/1"}],"replies":[{"embeddable":true,"href":"https:\/\/esmcameroun.com\/fr\/wp-json\/wp\/v2\/comments?post=42"}],"version-history":[{"count":4,"href":"https:\/\/esmcameroun.com\/fr\/wp-json\/wp\/v2\/pages\/42\/revisions"}],"predecessor-version":[{"id":354,"href":"https:\/\/esmcameroun.com\/fr\/wp-json\/wp\/v2\/pages\/42\/revisions\/354"}],"wp:attachment":[{"href":"https:\/\/esmcameroun.com\/fr\/wp-json\/wp\/v2\/media?parent=42"}],"curies":[{"name":"wp","href":"https:\/\/api.w.org\/{rel}","templated":true}]}}