{"id":44,"date":"2026-03-13T13:14:20","date_gmt":"2026-03-13T12:14:20","guid":{"rendered":"https:\/\/esmcameroun.com\/?page_id=44"},"modified":"2026-03-14T08:05:49","modified_gmt":"2026-03-14T07:05:49","slug":"bunker-survey","status":"publish","type":"page","link":"https:\/\/esmcameroun.com\/fr\/bunker-survey\/","title":{"rendered":"INSPECTION DES BUNKERS"},"content":{"rendered":"<div data-elementor-type=\"wp-page\" data-elementor-id=\"44\" class=\"elementor elementor-44\">\n\t\t\t\t<div class=\"elementor-element elementor-element-3096236 e-con-full e-flex e-con e-parent\" data-id=\"3096236\" data-element_type=\"container\" data-e-type=\"container\">\n\t\t\t\t<div class=\"elementor-element elementor-element-a4500d4 elementor-widget elementor-widget-hero-widget\" data-id=\"a4500d4\" data-element_type=\"widget\" data-e-type=\"widget\" data-widget_type=\"hero-widget.default\">\n\t\t\t\t<div class=\"elementor-widget-container\">\n\t\t\t\t\t\r\n\r\n <!-- Page Title -->\r\n    <div class=\"page-title dark-background\">\r\n      <div class=\"container position-relative\">\r\n\r\n        <h1>INSPECTION DES BUNKERS<\/h1>\r\n        <nav class=\"breadcrumbs\">\r\n          <ol>\r\n            <li>                                       <a href=\"https:\/\/esmcameroun.com\/fr\/home\/\">\r\n                                    home \r\n                                <\/a>\r\n                                                    <\/li>\r\n\r\n            <li class=\"current\">INSPECTION DES BUNKERS<\/li>\r\n          <\/ol>\r\n        <\/nav>\r\n      <\/div>\r\n    <\/div><!-- End Page Title -->\r\n\r\n\r\n\r\n\r\n\r\n\r\n\r\n\r\n\r\n\r\n\r\n\r\n\r\n\r\n\r\n\r\n\r\n\r\n\r\n\r\n          \t\t\t\t<\/div>\n\t\t\t\t<\/div>\n\t\t\t\t<\/div>\n\t\t<div class=\"elementor-element elementor-element-34f4d74 e-flex e-con-boxed e-con e-parent\" data-id=\"34f4d74\" data-element_type=\"container\" data-e-type=\"container\">\n\t\t\t\t\t<div class=\"e-con-inner\">\n\t\t\t\t<div class=\"elementor-element elementor-element-d53d4bf elementor-hidden-mobile elementor-widget elementor-widget-image-gallery\" data-id=\"d53d4bf\" data-element_type=\"widget\" data-e-type=\"widget\" data-widget_type=\"image-gallery.default\">\n\t\t\t\t\t\t\t<div class=\"elementor-image-gallery\">\n\t\t\t\n\t\t<style type=\"text\/css\">\n\t\t\t#gallery-1 {\n\t\t\t\tmargin: auto;\n\t\t\t}\n\t\t\t#gallery-1 .gallery-item {\n\t\t\t\tfloat: left;\n\t\t\t\tmargin-top: 10px;\n\t\t\t\ttext-align: center;\n\t\t\t\twidth: 25%;\n\t\t\t}\n\t\t\t#gallery-1 img {\n\t\t\t\tborder: 2px solid #cfcfcf;\n\t\t\t}\n\t\t\t#gallery-1 .gallery-caption {\n\t\t\t\tmargin-left: 0;\n\t\t\t}\n\t\t\t\/* see gallery_shortcode() in wp-includes\/media.php *\/\n\t\t<\/style>\n\t\t<div id='gallery-1' class='gallery galleryid-44 gallery-columns-4 gallery-size-full'><dl class='gallery-item'>\n\t\t\t<dt class='gallery-icon landscape'>\n\t\t\t\t<a data-elementor-open-lightbox=\"yes\" data-elementor-lightbox-slideshow=\"d53d4bf\" data-elementor-lightbox-title=\"1.JPG\" data-e-action-hash=\"#elementor-action%3Aaction%3Dlightbox%26settings%3DeyJpZCI6MTk2LCJ1cmwiOiJodHRwczpcL1wvZXNtY2FtZXJvdW4uY29tXC93cC1jb250ZW50XC91cGxvYWRzXC8yMDI2XC8wM1wvMS5KUEctc2NhbGVkLmpwZWciLCJzbGlkZXNob3ciOiJkNTNkNGJmIn0%3D\" href='https:\/\/esmcameroun.com\/wp-content\/uploads\/2026\/03\/1.JPG-scaled.jpeg'><img fetchpriority=\"high\" decoding=\"async\" width=\"2560\" height=\"1920\" src=\"https:\/\/esmcameroun.com\/wp-content\/uploads\/2026\/03\/1.JPG-scaled.jpeg\" class=\"attachment-full size-full\" alt=\"\" srcset=\"https:\/\/esmcameroun.com\/wp-content\/uploads\/2026\/03\/1.JPG-scaled.jpeg 2560w, https:\/\/esmcameroun.com\/wp-content\/uploads\/2026\/03\/1.JPG-300x225.jpeg 300w, https:\/\/esmcameroun.com\/wp-content\/uploads\/2026\/03\/1.JPG-1024x768.jpeg 1024w, https:\/\/esmcameroun.com\/wp-content\/uploads\/2026\/03\/1.JPG-768x576.jpeg 768w, https:\/\/esmcameroun.com\/wp-content\/uploads\/2026\/03\/1.JPG-1536x1152.jpeg 1536w, https:\/\/esmcameroun.com\/wp-content\/uploads\/2026\/03\/1.JPG-2048x1536.jpeg 2048w, https:\/\/esmcameroun.com\/wp-content\/uploads\/2026\/03\/1.JPG-16x12.jpeg 16w\" sizes=\"(max-width: 2560px) 100vw, 2560px\" \/><\/a>\n\t\t\t<\/dt><\/dl>\n\t\t\t<br style='clear: both' \/>\n\t\t<\/div>\n\t\t<\/div>\n\t\t\t\t\t\t<\/div>\n\t\t\t\t\t<\/div>\n\t\t\t\t<\/div>\n\t\t<div class=\"elementor-element elementor-element-b4c959a e-flex e-con-boxed e-con e-parent\" data-id=\"b4c959a\" data-element_type=\"container\" data-e-type=\"container\">\n\t\t\t\t\t<div class=\"e-con-inner\">\n\t\t\t\t<div class=\"elementor-element elementor-element-97450e8 elementor-widget elementor-widget-heading\" data-id=\"97450e8\" data-element_type=\"widget\" data-e-type=\"widget\" data-widget_type=\"heading.default\">\n\t\t\t\t\t<h2 class=\"elementor-heading-title elementor-size-default\">INSPECTION DES BUNKERS<\/h2>\t\t\t\t<\/div>\n\t\t\t\t\t<\/div>\n\t\t\t\t<\/div>\n\t\t<div class=\"elementor-element elementor-element-2262366 e-flex e-con-boxed e-con e-parent\" data-id=\"2262366\" data-element_type=\"container\" data-e-type=\"container\">\n\t\t\t\t\t<div class=\"e-con-inner\">\n\t\t\t\t<div class=\"elementor-element elementor-element-c23e710 elementor-widget__width-initial elementor-widget elementor-widget-text-editor\" data-id=\"c23e710\" data-element_type=\"widget\" data-e-type=\"widget\" data-widget_type=\"text-editor.default\">\n\t\t\t\t\t\t\t\t\t<div class=\"portfolio-description\"><p>Nous effectuons des relev\u00e9s quantitatifs de soutes (BQS) afin de v\u00e9rifier les quantit\u00e9s de carburant et de diesel livr\u00e9es et de signaler tout \u00e9ventuel manque.<\/p><p>D'autre part, nous effectuons \u00e9galement des inspections 221B ou des inspections Bunker Detective Survey (BDS), car il est courant de trouver davantage de fioul \u00e0 bord que les quantit\u00e9s d\u00e9clar\u00e9es par le navire dans son journal de bord.<\/p><p>C'est pourquoi nos experts sont parfaitement form\u00e9s et agr\u00e9\u00e9s par la Lloyd's Maritime Academy pour les inspections de cargaisons liquides.<\/p><\/div><ul><li><i class=\"bi bi-check-circle\"><\/i>\u00a0Pendant l'approvisionnement en d\u00e9bunkerisation.<\/li><li><i class=\"bi bi-check-circle\"><\/i>\u00a0Certificat ROB (Rester \u00e0 bord)<\/li><li><i class=\"bi bi-check-circle\"><\/i>\u00a0Enqu\u00eate par sondage<\/li><li><i class=\"bi bi-check-circle\"><\/i>\u00a0Analyse en laboratoire<\/li><li><i class=\"bi bi-check-circle\"><\/i>\u00a0Inspection de navire \u00e0 navire (STS)<\/li><li><i class=\"bi bi-check-circle\"><\/i>\u00a0Enqu\u00eate par sondage<\/li><\/ul>\t\t\t\t\t\t\t\t<\/div>\n\t\t\t\t\t<\/div>\n\t\t\t\t<\/div>\n\t\t<div class=\"elementor-element elementor-element-3fccf90 e-con-full e-flex e-con e-parent\" data-id=\"3fccf90\" data-element_type=\"container\" data-e-type=\"container\">\n\t\t\t\t<div class=\"elementor-element elementor-element-e582b5d elementor-widget elementor-widget-footer-widget\" data-id=\"e582b5d\" data-element_type=\"widget\" data-e-type=\"widget\" data-widget_type=\"footer-widget.default\">\n\t\t\t\t<div class=\"elementor-widget-container\">\n\t\t\t\t\t\r\n\r\n\r\n\r\n  <footer id=\"footer\" class=\"footer dark-background\">\r\n\r\n    <div class=\"container footer-top\">\r\n      <div class=\"row gy-4\">\r\n        <div class=\"col-lg-4 col-md-6 footer-about\">\r\n    <p>\r\n                                            <img decoding=\"async\" src=\"https:\/\/esmcameroun.com\/wp-content\/uploads\/2026\/03\/logoESM-1-1.png\" alt=\"none\">\r\n                                <\/p>\r\n          <div class=\"footer-contact pt-3\">\r\n            <p>Ancien coll\u00e8ge des nations<\/p>\r\n            <p>Douala-Bonapriso, CMR<\/p>\r\n            <p class=\"mt-3\"><strong>Phone:<\/strong> <span>+237 694 16 35 43<\/span><\/p>\r\n            <p><strong>Email:<\/strong> <span>esmcameroun.survery@esmcameroun.com<\/span><\/p>\r\n          <\/div>\r\n          <div class=\"social-links d-flex mt-4\">\r\n            <a href=\"\"><i class=\"bi bi-twitter-x\"><\/i><\/a>\r\n            <a href=\"\"><i class=\"bi bi-facebook\"><\/i><\/a>\r\n            <a href=\"\"><i class=\"bi bi-instagram\"><\/i><\/a>\r\n            <a href=\"\"><i class=\"bi bi-linkedin\"><\/i><\/a>\r\n          <\/div>\r\n        <\/div>\r\n\r\n        <div class=\"col-lg-2 col-md-3 footer-links\">\r\n          <h4>Liens utiles<\/h4>\r\n          <ul>\r\n            <li><a href=\"#\">Accueil<\/a><\/li>\r\n            <li><a href=\"#\">A Propos<\/a><\/li>\r\n            <li><a href=\"#\">Services<\/a><\/li>\r\n            <li><a href=\"#\">Conditions d'utilisation<\/a><\/li>\r\n            <li><a href=\"#\">Politique de confidentialit\u00e9<\/a><\/li>\r\n          <\/ul>\r\n        <\/div>\r\n\r\n        <div class=\"col-lg-2 col-md-3 footer-links\">\r\n          <h4>Nos Services<\/h4>\r\n          <ul>\r\n            <li><a href=\"#\">Conception Web<\/a><\/li>\r\n            <li><a href=\"#\">D\u00e9veloppement web<\/a><\/li>\r\n            <li><a href=\"#\">Gestion des produits<\/a><\/li>\r\n            <li><a href=\"#\">Marketing<\/a><\/li>\r\n            <li><a href=\"#\">Conception graphique<\/a><\/li>\r\n          <\/ul>\r\n        <\/div>\r\n\r\n      \r\n\r\n      <\/div>\r\n    <\/div>\r\n\r\n    <div class=\"container copyright text-center mt-4\">\r\n      <p>\u00a9 <span>Droit d'auteur<\/span> <strong class=\"px-1 sitename\">ESMCameroun<\/strong> <span>Tous droits r\u00e9serv\u00e9s<\/span><\/p>\r\n      <div class=\"credits\">\r\n       \r\n        Con\u00e7u par <a href=\"https:\/\/bootstrapmade.com\/\">Uc<\/a> \r\n      <\/div>\r\n    <\/div>\r\n\r\n  <\/footer>\r\n\r\n\r\n\r\n\r\n\r\n\r\n\r\n\r\n\r\n          \t\t\t\t<\/div>\n\t\t\t\t<\/div>\n\t\t\t\t<\/div>\n\t\t\t\t<\/div>","protected":false},"excerpt":{"rendered":"<p>BUNKER SURVEY home BUNKER SURVEY BUNKER SURVEY We perform Bunker Quantity Surveys, We carry out BQS to ascertain fuel and diesel delivered quantities and report any possible shortage. On the othe hand, we also perform 221B Survey or Bunker Detective Survey (BDS), As it is usual to find more fuel oil board than quantities declared [&hellip;]<\/p>\n","protected":false},"author":1,"featured_media":0,"parent":0,"menu_order":0,"comment_status":"closed","ping_status":"closed","template":"elementor_header_footer","meta":{"footnotes":""},"class_list":["post-44","page","type-page","status-publish","hentry"],"_links":{"self":[{"href":"https:\/\/esmcameroun.com\/fr\/wp-json\/wp\/v2\/pages\/44","targetHints":{"allow":["GET"]}}],"collection":[{"href":"https:\/\/esmcameroun.com\/fr\/wp-json\/wp\/v2\/pages"}],"about":[{"href":"https:\/\/esmcameroun.com\/fr\/wp-json\/wp\/v2\/types\/page"}],"author":[{"embeddable":true,"href":"https:\/\/esmcameroun.com\/fr\/wp-json\/wp\/v2\/users\/1"}],"replies":[{"embeddable":true,"href":"https:\/\/esmcameroun.com\/fr\/wp-json\/wp\/v2\/comments?post=44"}],"version-history":[{"count":13,"href":"https:\/\/esmcameroun.com\/fr\/wp-json\/wp\/v2\/pages\/44\/revisions"}],"predecessor-version":[{"id":319,"href":"https:\/\/esmcameroun.com\/fr\/wp-json\/wp\/v2\/pages\/44\/revisions\/319"}],"wp:attachment":[{"href":"https:\/\/esmcameroun.com\/fr\/wp-json\/wp\/v2\/media?parent=44"}],"curies":[{"name":"wp","href":"https:\/\/api.w.org\/{rel}","templated":true}]}}