{"id":87,"date":"2026-03-13T13:18:40","date_gmt":"2026-03-13T12:18:40","guid":{"rendered":"https:\/\/esmcameroun.com\/?page_id=87"},"modified":"2026-03-17T17:28:12","modified_gmt":"2026-03-17T16:28:12","slug":"damage-survey","status":"publish","type":"page","link":"https:\/\/esmcameroun.com\/fr\/damage-survey\/","title":{"rendered":"EVALUATION DES DOMMAGES"},"content":{"rendered":"<div data-elementor-type=\"wp-page\" data-elementor-id=\"87\" class=\"elementor elementor-87\">\n\t\t\t\t<div class=\"elementor-element elementor-element-38b21f8 e-con-full e-flex e-con e-parent\" data-id=\"38b21f8\" data-element_type=\"container\" data-e-type=\"container\">\n\t\t\t\t<div class=\"elementor-element elementor-element-eb2ac38 elementor-widget elementor-widget-hero-widget\" data-id=\"eb2ac38\" data-element_type=\"widget\" data-e-type=\"widget\" data-widget_type=\"hero-widget.default\">\n\t\t\t\t<div class=\"elementor-widget-container\">\n\t\t\t\t\t\r\n\r\n <!-- Page Title -->\r\n    <div class=\"page-title dark-background\">\r\n      <div class=\"container position-relative\">\r\n\r\n        <h1>EVALUATION DES DOMMAGES<\/h1>\r\n        <nav class=\"breadcrumbs\">\r\n          <ol>\r\n            <li>                                       <a href=\"https:\/\/esmcameroun.com\/fr\/home\/\">\r\n                                    home \r\n                                <\/a>\r\n                                                    <\/li>\r\n\r\n            <li class=\"current\">EVALUATION DES DOMMAGES<\/li>\r\n          <\/ol>\r\n        <\/nav>\r\n      <\/div>\r\n    <\/div><!-- End Page Title -->\r\n\r\n\r\n\r\n\r\n\r\n\r\n\r\n\r\n\r\n\r\n\r\n\r\n\r\n\r\n\r\n\r\n\r\n\r\n\r\n\r\n          \t\t\t\t<\/div>\n\t\t\t\t<\/div>\n\t\t\t\t<\/div>\n\t\t<div class=\"elementor-element elementor-element-fda26c7 e-flex e-con-boxed e-con e-parent\" data-id=\"fda26c7\" data-element_type=\"container\" data-e-type=\"container\">\n\t\t\t\t\t<div class=\"e-con-inner\">\n\t\t\t\t<div class=\"elementor-element elementor-element-5ca2011 elementor-arrows-position-inside elementor-pagination-position-outside elementor-widget elementor-widget-image-carousel\" data-id=\"5ca2011\" data-element_type=\"widget\" data-e-type=\"widget\" data-settings=\"{&quot;navigation&quot;:&quot;both&quot;,&quot;autoplay&quot;:&quot;yes&quot;,&quot;pause_on_hover&quot;:&quot;yes&quot;,&quot;pause_on_interaction&quot;:&quot;yes&quot;,&quot;autoplay_speed&quot;:5000,&quot;infinite&quot;:&quot;yes&quot;,&quot;speed&quot;:500}\" data-widget_type=\"image-carousel.default\">\n\t\t\t\t\t\t\t<div class=\"elementor-image-carousel-wrapper swiper\" role=\"region\" aria-roledescription=\"carousel\" aria-label=\"Carrousel d\u2019images\" dir=\"ltr\">\n\t\t\t<div class=\"elementor-image-carousel swiper-wrapper\" aria-live=\"off\">\n\t\t\t\t\t\t\t\t<div class=\"swiper-slide\" role=\"group\" aria-roledescription=\"slide\" aria-label=\"1 of 1\"><figure class=\"swiper-slide-inner\"><img decoding=\"async\" class=\"swiper-slide-image\" src=\"https:\/\/esmcameroun.com\/wp-content\/uploads\/2026\/03\/project3.jpg-1-1-scaled.jpeg\" alt=\"project3.jpg-1\" \/><\/figure><\/div>\t\t\t<\/div>\n\t\t\t\t\t<\/div>\n\t\t\t\t\t\t<\/div>\n\t\t\t\t\t<\/div>\n\t\t\t\t<\/div>\n\t\t<div class=\"elementor-element elementor-element-c1bfe82 e-flex e-con-boxed e-con e-parent\" data-id=\"c1bfe82\" data-element_type=\"container\" data-e-type=\"container\">\n\t\t\t\t\t<div class=\"e-con-inner\">\n\t\t\t\t<div class=\"elementor-element elementor-element-e6527a6 elementor-widget elementor-widget-heading\" data-id=\"e6527a6\" data-element_type=\"widget\" data-e-type=\"widget\" data-widget_type=\"heading.default\">\n\t\t\t\t\t<h2 class=\"elementor-heading-title elementor-size-default\">\u00c9valuation des dommages<\/h2>\t\t\t\t<\/div>\n\t\t\t\t\t<\/div>\n\t\t\t\t<\/div>\n\t\t<div class=\"elementor-element elementor-element-a3d488c e-flex e-con-boxed e-con e-parent\" data-id=\"a3d488c\" data-element_type=\"container\" data-e-type=\"container\">\n\t\t\t\t\t<div class=\"e-con-inner\">\n\t\t\t\t<div class=\"elementor-element elementor-element-c862a27 elementor-widget elementor-widget-text-editor\" data-id=\"c862a27\" data-element_type=\"widget\" data-e-type=\"widget\" data-widget_type=\"text-editor.default\">\n\t\t\t\t\t\t\t\t\t<div class=\"portfolio-description\"><p>Nous r\u00e9alisons des expertises des dommages caus\u00e9s aux navires, qui consistent \u00e0 d\u00e9terminer l'origine, \u00e0 enqu\u00eater sur les causes et l'\u00e9tendue des dommages caus\u00e9s \u00e0 la coque et aux machines du navire, aux collisions avec des infrastructures et aux \u00e9chouages, \u00e0 calculer les co\u00fbts qui en d\u00e9coulent et \u00e0 assurer le suivi des r\u00e9parations ult\u00e9rieures. Nous intervenons \u00e9galement en cas de dommages caus\u00e9s \u00e0 vos cargaisons, qu'il s'agisse de marchandises liquides, en vrac, en conteneurs, ro-ro ou g\u00e9n\u00e9rales. Dans ce type d'expertises, nous intervenons \u00e0 la fois pour le compte des assureurs de la coque et des machines, tels que les clubs P&amp;I.<\/p><\/div><ul><li><i class=\"bi bi-check-circle\"><\/i>\u00a0Expertise des dommages caus\u00e9s \u00e0 la coque et aux machines.<\/li><li><i class=\"bi bi-check-circle\"><\/i>\u00a0Enqu\u00eate sur les dommages caus\u00e9s par les clubs de protection et d'indemnisation (P&amp;I).<\/li><li><i class=\"bi bi-check-circle\"><\/i>\u00a0Collisions avec des infrastructures et \u00e9chouages de navires.<\/li><li><i class=\"bi bi-check-circle\"><\/i>\u00a0Suivi, conseil et r\u00e8glement des r\u00e9parations.<\/li><li><i class=\"bi bi-check-circle\"><\/i>\u00a0\u00c9valuations des dommages subis par les navires.<\/li><li><i class=\"bi bi-check-circle\"><\/i>\u00a0Dommages caus\u00e9s aux installations portuaires.<\/li><\/ul>\t\t\t\t\t\t\t\t<\/div>\n\t\t\t\t\t<\/div>\n\t\t\t\t<\/div>\n\t\t<div class=\"elementor-element elementor-element-adeaa7b e-con-full e-flex e-con e-parent\" data-id=\"adeaa7b\" data-element_type=\"container\" data-e-type=\"container\">\n\t\t\t\t<div class=\"elementor-element elementor-element-9fda802 elementor-widget elementor-widget-footer-widget\" data-id=\"9fda802\" data-element_type=\"widget\" data-e-type=\"widget\" data-widget_type=\"footer-widget.default\">\n\t\t\t\t<div class=\"elementor-widget-container\">\n\t\t\t\t\t\r\n\r\n\r\n\r\n  <footer id=\"footer\" class=\"footer dark-background\">\r\n\r\n    <div class=\"container footer-top\">\r\n      <div class=\"row gy-4\">\r\n        <div class=\"col-lg-4 col-md-6 footer-about\">\r\n    <p>\r\n                                            <img decoding=\"async\" src=\"https:\/\/esmcameroun.com\/wp-content\/uploads\/2026\/03\/logoESM-1-1.png\" alt=\"none\">\r\n                                <\/p>\r\n          <div class=\"footer-contact pt-3\">\r\n            <p>Ancien coll\u00e8ge des nations<\/p>\r\n            <p>Douala-Bonapriso, CMR<\/p>\r\n            <p class=\"mt-3\"><strong>Phone:<\/strong> <span>+237 694 16 35 43<\/span><\/p>\r\n            <p><strong>Email:<\/strong> <span>esmcameroun.survery@esmcameroun.com<\/span><\/p>\r\n          <\/div>\r\n          <div class=\"social-links d-flex mt-4\">\r\n            <a href=\"\"><i class=\"bi bi-twitter-x\"><\/i><\/a>\r\n            <a href=\"\"><i class=\"bi bi-facebook\"><\/i><\/a>\r\n            <a href=\"\"><i class=\"bi bi-instagram\"><\/i><\/a>\r\n            <a href=\"\"><i class=\"bi bi-linkedin\"><\/i><\/a>\r\n          <\/div>\r\n        <\/div>\r\n\r\n        <div class=\"col-lg-2 col-md-3 footer-links\">\r\n          <h4>Liens utiles<\/h4>\r\n          <ul>\r\n            <li><a href=\"#\">Accueil<\/a><\/li>\r\n            <li><a href=\"#\">A Propos<\/a><\/li>\r\n            <li><a href=\"#\">Services<\/a><\/li>\r\n            <li><a href=\"#\">Conditions d'utilisation<\/a><\/li>\r\n            <li><a href=\"#\">Politique de confidentialit\u00e9<\/a><\/li>\r\n          <\/ul>\r\n        <\/div>\r\n\r\n        <div class=\"col-lg-2 col-md-3 footer-links\">\r\n          <h4>Nos Services<\/h4>\r\n          <ul>\r\n            <li><a href=\"#\">Conception Web<\/a><\/li>\r\n            <li><a href=\"#\">D\u00e9veloppement web<\/a><\/li>\r\n            <li><a href=\"#\">Gestion des produits<\/a><\/li>\r\n            <li><a href=\"#\">Marketing<\/a><\/li>\r\n            <li><a href=\"#\">Conception graphique<\/a><\/li>\r\n          <\/ul>\r\n        <\/div>\r\n\r\n      \r\n\r\n      <\/div>\r\n    <\/div>\r\n\r\n    <div class=\"container copyright text-center mt-4\">\r\n      <p>\u00a9 <span>Droit d'auteur<\/span> <strong class=\"px-1 sitename\">ESMCameroun<\/strong> <span>Tous droits r\u00e9serv\u00e9s<\/span><\/p>\r\n      <div class=\"credits\">\r\n       \r\n        Con\u00e7u par <a href=\"https:\/\/bootstrapmade.com\/\">Uc<\/a> \r\n      <\/div>\r\n    <\/div>\r\n\r\n  <\/footer>\r\n\r\n\r\n\r\n\r\n\r\n\r\n\r\n\r\n\r\n          \t\t\t\t<\/div>\n\t\t\t\t<\/div>\n\t\t\t\t<\/div>\n\t\t\t\t<\/div>","protected":false},"excerpt":{"rendered":"<p>DAMAGE SURVEY home DAMAGE SURVEY Damage survey We perform damages surveys caused to ships that consist of the determination of the origin, investigation of the causes and extent of the damage cause to the ship hull and machinery, collisions with infrastructures and beached, calculation of the costs originated by them and the follow up on [&hellip;]<\/p>\n","protected":false},"author":1,"featured_media":0,"parent":0,"menu_order":0,"comment_status":"closed","ping_status":"closed","template":"elementor_header_footer","meta":{"footnotes":""},"class_list":["post-87","page","type-page","status-publish","hentry"],"_links":{"self":[{"href":"https:\/\/esmcameroun.com\/fr\/wp-json\/wp\/v2\/pages\/87","targetHints":{"allow":["GET"]}}],"collection":[{"href":"https:\/\/esmcameroun.com\/fr\/wp-json\/wp\/v2\/pages"}],"about":[{"href":"https:\/\/esmcameroun.com\/fr\/wp-json\/wp\/v2\/types\/page"}],"author":[{"embeddable":true,"href":"https:\/\/esmcameroun.com\/fr\/wp-json\/wp\/v2\/users\/1"}],"replies":[{"embeddable":true,"href":"https:\/\/esmcameroun.com\/fr\/wp-json\/wp\/v2\/comments?post=87"}],"version-history":[{"count":13,"href":"https:\/\/esmcameroun.com\/fr\/wp-json\/wp\/v2\/pages\/87\/revisions"}],"predecessor-version":[{"id":393,"href":"https:\/\/esmcameroun.com\/fr\/wp-json\/wp\/v2\/pages\/87\/revisions\/393"}],"wp:attachment":[{"href":"https:\/\/esmcameroun.com\/fr\/wp-json\/wp\/v2\/media?parent=87"}],"curies":[{"name":"wp","href":"https:\/\/api.w.org\/{rel}","templated":true}]}}